{"id":114,"date":"2021-04-25T20:31:39","date_gmt":"2021-04-25T20:31:39","guid":{"rendered":"https:\/\/psydeco.com\/?page_id=114"},"modified":"2022-01-18T16:59:08","modified_gmt":"2022-01-18T16:59:08","slug":"psykoteraptia","status":"publish","type":"page","link":"https:\/\/psydeco.com\/en\/psykoteraptia\/","title":{"rendered":"Kehit\u00e4 ty\u00f6t\u00e4si ja organisaatiotasi &#8211; Redesign your Organization &#8211;"},"content":{"rendered":"","protected":false},"excerpt":{"rendered":"","protected":false},"author":152307484,"featured_media":0,"parent":0,"menu_order":0,"comment_status":"closed","ping_status":"closed","template":"","meta":{"_coblocks_attr":"","_coblocks_dimensions":"","_coblocks_responsive_height":"","_coblocks_accordion_ie_support":"","_crdt_document":"","advanced_seo_description":"","jetpack_seo_html_title":"","jetpack_seo_noindex":false,"footnotes":""},"class_list":["post-114","page","type-page","status-publish","hentry","entry"],"jetpack_likes_enabled":true,"jetpack_sharing_enabled":true,"jetpack_shortlink":"https:\/\/wp.me\/PaB9ik-1Q","amp_enabled":true,"_links":{"self":[{"href":"https:\/\/psydeco.com\/en\/wp-json\/wp\/v2\/pages\/114","targetHints":{"allow":["GET"]}}],"collection":[{"href":"https:\/\/psydeco.com\/en\/wp-json\/wp\/v2\/pages"}],"about":[{"href":"https:\/\/psydeco.com\/en\/wp-json\/wp\/v2\/types\/page"}],"author":[{"embeddable":true,"href":"https:\/\/psydeco.com\/en\/wp-json\/wp\/v2\/users\/152307484"}],"replies":[{"embeddable":true,"href":"https:\/\/psydeco.com\/en\/wp-json\/wp\/v2\/comments?post=114"}],"version-history":[{"count":5,"href":"https:\/\/psydeco.com\/en\/wp-json\/wp\/v2\/pages\/114\/revisions"}],"predecessor-version":[{"id":531,"href":"https:\/\/psydeco.com\/en\/wp-json\/wp\/v2\/pages\/114\/revisions\/531"}],"wp:attachment":[{"href":"https:\/\/psydeco.com\/en\/wp-json\/wp\/v2\/media?parent=114"}],"curies":[{"name":"wp","href":"https:\/\/api.w.org\/{rel}","templated":true}]}}